{"id":415,"date":"2022-06-06T20:37:25","date_gmt":"2022-06-06T18:37:25","guid":{"rendered":"https:\/\/bernhard-freisinger.com\/?page_id=415"},"modified":"2022-07-06T14:54:43","modified_gmt":"2022-07-06T12:54:43","slug":"ueber-mich","status":"publish","type":"page","link":"https:\/\/bernhard-freisinger.com\/?page_id=415","title":{"rendered":"\u00dcber mich"},"content":{"rendered":"\n<div style=\"height:50px\" aria-hidden=\"true\" class=\"wp-block-spacer\"><\/div>\n\n\n\n<h3 class=\"has-text-align-center wp-block-heading\">\u00dcber mich<\/h3>\n\n\n\n<hr class=\"wp-block-separator has-alpha-channel-opacity is-style-wide no-bottom-margin\"\/>\n\n\n\n<div class=\"wp-block-columns no-top-margin is-layout-flex wp-container-core-columns-is-layout-9d6595d7 wp-block-columns-is-layout-flex\">\n<div class=\"wp-block-column is-vertically-aligned-center is-layout-flow wp-block-column-is-layout-flow\">\n<figure class=\"wp-block-image size-large\"><img loading=\"lazy\" decoding=\"async\" width=\"900\" height=\"1024\" src=\"https:\/\/bernhard-freisinger.com\/wp-content\/uploads\/2022\/07\/10_2-3-900x1024.png\" alt=\"\" class=\"wp-image-921\" srcset=\"https:\/\/bernhard-freisinger.com\/wp-content\/uploads\/2022\/07\/10_2-3-900x1024.png 900w, https:\/\/bernhard-freisinger.com\/wp-content\/uploads\/2022\/07\/10_2-3-264x300.png 264w, https:\/\/bernhard-freisinger.com\/wp-content\/uploads\/2022\/07\/10_2-3-768x874.png 768w, https:\/\/bernhard-freisinger.com\/wp-content\/uploads\/2022\/07\/10_2-3-1349x1536.png 1349w, https:\/\/bernhard-freisinger.com\/wp-content\/uploads\/2022\/07\/10_2-3-1799x2048.png 1799w\" sizes=\"auto, (max-width: 900px) 100vw, 900px\" \/><\/figure>\n<\/div>\n\n\n\n<div class=\"wp-block-column is-vertically-aligned-top no-top-margin is-layout-flow wp-block-column-is-layout-flow\">\n<div style=\"height:100px\" aria-hidden=\"true\" class=\"wp-block-spacer\"><\/div>\n\n\n\n<div class=\"wp-block-columns no-bottom-margin is-layout-flex wp-container-core-columns-is-layout-9d6595d7 wp-block-columns-is-layout-flex\">\n<div class=\"wp-block-column no-bottom-margin has-black-color has-text-color is-layout-flow wp-block-column-is-layout-flow\">\n<p class=\"has-text-align-center no-bottom-margin has-black-color has-text-color has-medium-font-size\">Name:<\/p>\n<\/div>\n\n\n\n<div class=\"wp-block-column no-top-margin has-black-color has-text-color is-layout-flow wp-block-column-is-layout-flow\">\n<p class=\"has-text-align-center no-top-margin has-black-color has-text-color has-medium-font-size\"><strong>Bernhard<\/strong><\/p>\n<\/div>\n<\/div>\n\n\n\n<hr class=\"wp-block-separator has-alpha-channel-opacity is-style-wide no-top-margin\"\/>\n\n\n\n<div class=\"wp-block-columns no-bottom-margin is-layout-flex wp-container-core-columns-is-layout-9d6595d7 wp-block-columns-is-layout-flex\">\n<div class=\"wp-block-column no-bottom-margin has-black-color has-text-color is-layout-flow wp-block-column-is-layout-flow\">\n<p class=\"has-text-align-center no-bottom-margin has-black-color has-text-color has-medium-font-size\">Nachname:<\/p>\n<\/div>\n\n\n\n<div class=\"wp-block-column no-top-margin has-black-color has-text-color is-layout-flow wp-block-column-is-layout-flow\">\n<p class=\"has-text-align-center no-top-margin has-black-color has-text-color has-medium-font-size\"><strong>Freisinger<\/strong><\/p>\n<\/div>\n<\/div>\n\n\n\n<hr class=\"wp-block-separator has-alpha-channel-opacity is-style-wide no-top-margin\"\/>\n\n\n\n<div class=\"wp-block-columns no-bottom-margin is-layout-flex wp-container-core-columns-is-layout-9d6595d7 wp-block-columns-is-layout-flex\">\n<div class=\"wp-block-column no-bottom-margin has-black-color has-text-color is-layout-flow wp-block-column-is-layout-flow\">\n<p class=\"has-text-align-center no-bottom-margin has-black-color has-text-color has-medium-font-size\">Alter:<\/p>\n<\/div>\n\n\n\n<div class=\"wp-block-column no-top-margin has-black-color has-text-color is-layout-flow wp-block-column-is-layout-flow\">\n<p class=\"has-text-align-center no-top-margin has-black-color has-text-color has-medium-font-size\"><strong>28<\/strong><\/p>\n<\/div>\n<\/div>\n\n\n\n<hr class=\"wp-block-separator has-alpha-channel-opacity is-style-wide no-top-margin\"\/>\n\n\n\n<div class=\"wp-block-columns no-bottom-margin is-layout-flex wp-container-core-columns-is-layout-9d6595d7 wp-block-columns-is-layout-flex\">\n<div class=\"wp-block-column no-bottom-margin has-black-color has-text-color is-layout-flow wp-block-column-is-layout-flow\">\n<p class=\"has-text-align-center no-bottom-margin has-black-color has-text-color has-medium-font-size\">Staatsangeh\u00f6rigkeit:<\/p>\n<\/div>\n\n\n\n<div class=\"wp-block-column no-top-margin has-black-color has-text-color is-layout-flow wp-block-column-is-layout-flow\">\n<p class=\"has-text-align-center no-top-margin has-black-color has-text-color has-medium-font-size\"><strong>\u00d6sterreich<\/strong><\/p>\n<\/div>\n<\/div>\n\n\n\n<hr class=\"wp-block-separator has-alpha-channel-opacity is-style-wide no-top-margin\"\/>\n\n\n\n<div class=\"wp-block-columns no-bottom-margin is-layout-flex wp-container-core-columns-is-layout-9d6595d7 wp-block-columns-is-layout-flex\">\n<div class=\"wp-block-column no-bottom-margin has-black-color has-text-color is-layout-flow wp-block-column-is-layout-flow\">\n<p class=\"has-text-align-center no-bottom-margin has-black-color has-text-color has-medium-font-size\">F\u00fchrerschein:<\/p>\n<\/div>\n\n\n\n<div class=\"wp-block-column no-top-margin has-black-color has-text-color is-layout-flow wp-block-column-is-layout-flow\">\n<p class=\"has-text-align-center no-top-margin has-black-color has-text-color has-medium-font-size\"><strong>A2 &amp; B<\/strong><\/p>\n<\/div>\n<\/div>\n\n\n\n<hr class=\"wp-block-separator has-alpha-channel-opacity is-style-wide no-top-margin\"\/>\n\n\n\n<div class=\"wp-block-columns no-bottom-margin is-layout-flex wp-container-core-columns-is-layout-9d6595d7 wp-block-columns-is-layout-flex\">\n<div class=\"wp-block-column no-bottom-margin has-black-color has-text-color is-layout-flow wp-block-column-is-layout-flow\">\n<p class=\"has-text-align-center no-bottom-margin has-black-color has-text-color has-medium-font-size\">Familienstatus:<\/p>\n<\/div>\n\n\n\n<div class=\"wp-block-column no-top-margin has-black-color has-text-color is-layout-flow wp-block-column-is-layout-flow\">\n<p class=\"has-text-align-center has-black-color has-text-color has-medium-font-size\"><strong>Ledig,<\/strong> <strong>in einer Beziehung<\/strong><\/p>\n<\/div>\n<\/div>\n\n\n\n<hr class=\"wp-block-separator has-alpha-channel-opacity is-style-wide\"\/>\n\n\n\n<div class=\"wp-block-columns no-bottom-margin is-layout-flex wp-container-core-columns-is-layout-9d6595d7 wp-block-columns-is-layout-flex\">\n<div class=\"wp-block-column no-bottom-margin has-black-color has-text-color is-layout-flow wp-block-column-is-layout-flow\">\n<p class=\"has-text-align-center no-bottom-margin has-black-color has-text-color has-medium-font-size\">Berufserfahrung:<\/p>\n<\/div>\n\n\n\n<div class=\"wp-block-column no-top-margin has-black-color has-text-color is-layout-flow wp-block-column-is-layout-flow\">\n<p class=\"has-text-align-center has-black-color has-text-color has-medium-font-size\"><strong><a href=\"https:\/\/bernhard-freisinger.com\/?page_id=60\" data-type=\"page\" data-id=\"60\">Lebenslauf<\/a><\/strong><\/p>\n<\/div>\n<\/div>\n\n\n\n<hr class=\"wp-block-separator has-alpha-channel-opacity is-style-wide no-top-margin\"\/>\n\n\n\n<div class=\"wp-block-columns no-bottom-margin is-layout-flex wp-container-core-columns-is-layout-9d6595d7 wp-block-columns-is-layout-flex\">\n<div class=\"wp-block-column no-bottom-margin has-black-color has-text-color is-layout-flow wp-block-column-is-layout-flow\">\n<p class=\"has-text-align-center no-bottom-margin has-black-color has-text-color has-medium-font-size\">Ausbildung:<\/p>\n<\/div>\n\n\n\n<div class=\"wp-block-column no-top-margin has-black-color has-text-color is-layout-flow wp-block-column-is-layout-flow\">\n<p class=\"has-text-align-center has-black-color has-text-color has-medium-font-size\"><a href=\"https:\/\/bernhard-freisinger.com\/?page_id=472\" data-type=\"URL\" data-id=\"https:\/\/bernhard-freisinger.com\/?page_id=472\">Schul- &amp; Berufsbildung<\/a><\/p>\n<\/div>\n<\/div>\n\n\n\n<hr class=\"wp-block-separator has-alpha-channel-opacity is-style-wide no-top-margin\"\/>\n\n\n\n<div class=\"wp-block-columns no-bottom-margin is-layout-flex wp-container-core-columns-is-layout-9d6595d7 wp-block-columns-is-layout-flex\">\n<div class=\"wp-block-column no-bottom-margin has-black-color has-text-color is-layout-flow wp-block-column-is-layout-flow\">\n<p class=\"has-text-align-center no-bottom-margin has-black-color has-text-color has-medium-font-size\">F\u00e4higkeiten:<\/p>\n<\/div>\n\n\n\n<div class=\"wp-block-column no-top-margin has-black-color has-text-color is-layout-flow wp-block-column-is-layout-flow\">\n<p class=\"has-text-align-center has-black-color has-text-color has-medium-font-size\"><a href=\"https:\/\/bernhard-freisinger.com\/?page_id=177\" data-type=\"page\" data-id=\"177\">Sprachen &amp; IT<\/a><\/p>\n<\/div>\n<\/div>\n\n\n\n<hr class=\"wp-block-separator has-alpha-channel-opacity is-style-wide no-top-margin\"\/>\n\n\n\n<div class=\"wp-block-columns no-bottom-margin is-layout-flex wp-container-core-columns-is-layout-9d6595d7 wp-block-columns-is-layout-flex\">\n<div class=\"wp-block-column no-bottom-margin has-black-color has-text-color is-layout-flow wp-block-column-is-layout-flow\">\n<p class=\"has-text-align-center no-bottom-margin has-black-color has-text-color has-medium-font-size\">Hobbys:<\/p>\n<\/div>\n\n\n\n<div class=\"wp-block-column no-top-margin has-black-color has-text-color is-layout-flow wp-block-column-is-layout-flow\">\n<p class=\"has-text-align-center has-black-color has-text-color has-medium-font-size\"><a href=\"https:\/\/bernhard-freisinger.com\/?page_id=308\" data-type=\"URL\" data-id=\"https:\/\/bernhard-freisinger.com\/?page_id=308\">Hobbys<\/a><\/p>\n<\/div>\n<\/div>\n\n\n\n<hr class=\"wp-block-separator has-alpha-channel-opacity is-style-wide no-top-margin\"\/>\n<\/div>\n<\/div>\n","protected":false},"excerpt":{"rendered":"<p>\u00dcber mich Name: Bernhard Nachname: Freisinger Alter: 28 Staatsangeh\u00f6rigkeit: \u00d6sterreich F\u00fchrerschein: A2 &amp; B Familienstatus: Ledig, in einer Beziehung Berufserfahrung: Lebenslauf Ausbildung: Schul- &amp; Berufsbildung F\u00e4higkeiten: Sprachen &amp; IT Hobbys: Hobbys<\/p>\n","protected":false},"author":1,"featured_media":0,"parent":0,"menu_order":0,"comment_status":"closed","ping_status":"closed","template":"","meta":{"footnotes":""},"class_list":["post-415","page","type-page","status-publish","hentry"],"_links":{"self":[{"href":"https:\/\/bernhard-freisinger.com\/index.php?rest_route=\/wp\/v2\/pages\/415","targetHints":{"allow":["GET"]}}],"collection":[{"href":"https:\/\/bernhard-freisinger.com\/index.php?rest_route=\/wp\/v2\/pages"}],"about":[{"href":"https:\/\/bernhard-freisinger.com\/index.php?rest_route=\/wp\/v2\/types\/page"}],"author":[{"embeddable":true,"href":"https:\/\/bernhard-freisinger.com\/index.php?rest_route=\/wp\/v2\/users\/1"}],"replies":[{"embeddable":true,"href":"https:\/\/bernhard-freisinger.com\/index.php?rest_route=%2Fwp%2Fv2%2Fcomments&post=415"}],"version-history":[{"count":5,"href":"https:\/\/bernhard-freisinger.com\/index.php?rest_route=\/wp\/v2\/pages\/415\/revisions"}],"predecessor-version":[{"id":922,"href":"https:\/\/bernhard-freisinger.com\/index.php?rest_route=\/wp\/v2\/pages\/415\/revisions\/922"}],"wp:attachment":[{"href":"https:\/\/bernhard-freisinger.com\/index.php?rest_route=%2Fwp%2Fv2%2Fmedia&parent=415"}],"curies":[{"name":"wp","href":"https:\/\/api.w.org\/{rel}","templated":true}]}}